{"id":7345,"date":"2025-01-10T17:17:27","date_gmt":"2025-01-10T22:17:27","guid":{"rendered":"https:\/\/thirdmillseminary.edu\/declaracion-de-fe\/"},"modified":"2025-07-25T13:08:53","modified_gmt":"2025-07-25T17:08:53","slug":"declaracion-de-fe","status":"publish","type":"page","link":"https:\/\/thirdmillseminary.edu\/es\/declaracion-de-fe\/","title":{"rendered":"Declaraci\u00f3n de fe"},"content":{"rendered":"[vc_row type=\u00bbfull_width_content\u00bb full_screen_row_position=\u00bbmiddle\u00bb column_margin=\u00bbdefault\u00bb column_direction=\u00bbdefault\u00bb column_direction_tablet=\u00bbdefault\u00bb column_direction_phone=\u00bbdefault\u00bb bg_image=\u00bb6292&#8243; bg_position=\u00bbleft top\u00bb background_image_loading=\u00bbdefault\u00bb bg_repeat=\u00bbno-repeat\u00bb animated_gradient_bg=\u00bbtrue\u00bb animated_gradient_bg_color_1=\u00bb#0072ce\u00bb animated_gradient_bg_color_2=\u00bb#ffab19&#8243; animated_gradient_bg_speed=\u00bb850&#8243; animated_gradient_bg_blending_mode=\u00bborganic\u00bb scene_position=\u00bbcenter\u00bb top_padding=\u00bb7%\u00bb left_padding_desktop=\u00bb6%\u00bb constrain_group_2=\u00bbyes\u00bb right_padding_desktop=\u00bb6%\u00bb top_margin=\u00bb0&#8243; text_color=\u00bbdark\u00bb text_align=\u00bbleft\u00bb row_border_radius=\u00bbnone\u00bb row_border_radius_applies=\u00bbbg\u00bb overflow=\u00bbvisible\u00bb enable_gradient=\u00bbtrue\u00bb color_overlay=\u00bbrgba(7,69,103,0.33)\u00bb color_overlay_2=\u00bb#ffffff\u00bb advanced_gradient_angle=\u00bb0&#8243; overlay_strength=\u00bb1&#8243; gradient_direction=\u00bbtop_to_bottom\u00bb shape_divider_position=\u00bbbottom\u00bb bg_image_animation=\u00bbnone\u00bb gradient_type=\u00bbdefault\u00bb shape_type=\u00bb\u00bb][vc_column column_padding=\u00bbno-extra-padding\u00bb column_padding_tablet=\u00bbinherit\u00bb column_padding_phone=\u00bbinherit\u00bb column_padding_position=\u00bball\u00bb column_element_direction_desktop=\u00bbdefault\u00bb column_element_spacing=\u00bbdefault\u00bb desktop_text_alignment=\u00bbdefault\u00bb tablet_text_alignment=\u00bbdefault\u00bb phone_text_alignment=\u00bbdefault\u00bb background_color_opacity=\u00bb1&#8243; background_hover_color_opacity=\u00bb1&#8243; column_backdrop_filter=\u00bbnone\u00bb column_shadow=\u00bbnone\u00bb column_border_radius=\u00bbnone\u00bb column_link_target=\u00bb_self\u00bb column_position=\u00bbdefault\u00bb advanced_gradient_angle=\u00bb0&#8243; gradient_direction=\u00bbleft_to_right\u00bb overlay_strength=\u00bb0.3&#8243; width=\u00bb1\/3&#8243; tablet_width_inherit=\u00bbdefault\u00bb animation_type=\u00bbdefault\u00bb enable_animation=\u00bbtrue\u00bb animation=\u00bbfade-in-from-bottom\u00bb mobile_disable_entrance_animation=\u00bbtrue\u00bb animation_easing=\u00bbdefault\u00bb bg_image_animation=\u00bbnone\u00bb parallax_bg=\u00bbtrue\u00bb parallax_bg_speed=\u00bbvery_subtle\u00bb border_type=\u00bbsimple\u00bb column_border_width=\u00bbnone\u00bb column_border_style=\u00bbsolid\u00bb gradient_type=\u00bbdefault\u00bb delay=\u00bb600&#8243; column_padding_type=\u00bbdefault\u00bb][image_with_animation image_url=\u00bb6292&#8243; image_size=\u00bbfull\u00bb animation_type=\u00bbentrance\u00bb animation=\u00bbFade In From Bottom\u00bb animation_easing=\u00bbdefault\u00bb animation_movement_type=\u00bbtransform_x\u00bb hover_animation=\u00bbnone\u00bb alignment=\u00bb\u00bb border_radius=\u00bbnone\u00bb box_shadow=\u00bbnone\u00bb image_loading=\u00bbdefault\u00bb max_width=\u00bb100%\u00bb max_width_mobile=\u00bbdefault\u00bb mask_enable=\u00bbtrue\u00bb mask_shape=\u00bbcustom\u00bb mask_custom_image=\u00bb6251&#8243; mask_size=\u00bbcontain\u00bb][\/vc_column][vc_column column_padding=\u00bbno-extra-padding\u00bb column_padding_tablet=\u00bbinherit\u00bb column_padding_phone=\u00bbinherit\u00bb column_padding_position=\u00bball\u00bb column_element_direction_desktop=\u00bbdefault\u00bb column_element_spacing=\u00bbdefault\u00bb desktop_text_alignment=\u00bbdefault\u00bb tablet_text_alignment=\u00bbdefault\u00bb phone_text_alignment=\u00bbdefault\u00bb background_color_opacity=\u00bb1&#8243; background_hover_color_opacity=\u00bb1&#8243; column_backdrop_filter=\u00bbnone\u00bb column_shadow=\u00bbnone\u00bb column_border_radius=\u00bbnone\u00bb column_link_target=\u00bb_self\u00bb column_position=\u00bbdefault\u00bb overflow=\u00bbhidden\u00bb gradient_direction=\u00bbleft_to_right\u00bb overlay_strength=\u00bb0.3&#8243; width=\u00bb2\/3&#8243; tablet_width_inherit=\u00bbdefault\u00bb animation_type=\u00bbdefault\u00bb bg_image_animation=\u00bbnone\u00bb parallax_bg=\u00bbtrue\u00bb parallax_bg_speed=\u00bbminimum\u00bb border_type=\u00bbsimple\u00bb column_border_width=\u00bbnone\u00bb column_border_style=\u00bbsolid\u00bb column_padding_type=\u00bbdefault\u00bb gradient_type=\u00bbdefault\u00bb][split_line_heading animation_type=\u00bbline-reveal-by-space\u00bb font_style=\u00bbh1&#8243; text_color=\u00bb#161b33&#8243; line_reveal_by_space_text_effect=\u00bbletter-reveal-bottom\u00bb stagger_animation=\u00bbtrue\u00bb mobile_disable_animation=\u00bbtrue\u00bb content_alignment=\u00bbdefault\u00bb mobile_content_alignment=\u00bbinherit\u00bb link_target=\u00bb_self\u00bb text_content=\u00bbDeclaraci\u00f3n de fe\u00bb font_size=\u00bb8vw\u00bb font_size_tablet=\u00bb9vw\u00bb font_size_phone=\u00bb10vw\u00bb text_direction=\u00bbdefault\u00bb font_line_height=\u00bb1.1&#8243;][\/split_line_heading][\/vc_column][\/vc_row][vc_row type=\u00bbfull_width_background\u00bb full_screen_row_position=\u00bbmiddle\u00bb column_margin=\u00bbdefault\u00bb column_direction=\u00bbdefault\u00bb column_direction_tablet=\u00bbdefault\u00bb column_direction_phone=\u00bbdefault\u00bb bg_color=\u00bb#ffffff\u00bb scene_position=\u00bbcenter\u00bb left_padding_desktop=\u00bb5%\u00bb constrain_group_2=\u00bbyes\u00bb right_padding_desktop=\u00bb5%\u00bb bottom_margin=\u00bb13%\u00bb text_color=\u00bbdark\u00bb text_align=\u00bbleft\u00bb row_border_radius=\u00bbnone\u00bb row_border_radius_applies=\u00bbbg\u00bb overflow=\u00bbvisible\u00bb id=\u00bbphilosophy\u00bb overlay_strength=\u00bb0.3&#8243; gradient_direction=\u00bbleft_to_right\u00bb shape_divider_position=\u00bbbottom\u00bb bg_image_animation=\u00bbnone\u00bb shape_type=\u00bb\u00bb gradient_type=\u00bbdefault\u00bb][vc_column column_padding=\u00bbpadding-5-percent\u00bb column_padding_tablet=\u00bbinherit\u00bb column_padding_phone=\u00bbinherit\u00bb column_padding_position=\u00bball\u00bb column_element_direction_desktop=\u00bbdefault\u00bb column_element_spacing=\u00bbdefault\u00bb desktop_text_alignment=\u00bbdefault\u00bb tablet_text_alignment=\u00bbdefault\u00bb phone_text_alignment=\u00bbdefault\u00bb background_color_opacity=\u00bb1&#8243; background_hover_color_opacity=\u00bb1&#8243; column_backdrop_filter=\u00bbnone\u00bb column_shadow=\u00bbnone\u00bb column_border_radius=\u00bbnone\u00bb column_link_target=\u00bb_self\u00bb column_position=\u00bbdefault\u00bb gradient_direction=\u00bbleft_to_right\u00bb overlay_strength=\u00bb0.3&#8243; width=\u00bb1\/1&#8243; tablet_width_inherit=\u00bbdefault\u00bb animation_type=\u00bbdefault\u00bb enable_animation=\u00bbtrue\u00bb animation=\u00bbfade-in-from-bottom\u00bb animation_easing=\u00bbdefault\u00bb bg_image_animation=\u00bbnone\u00bb border_type=\u00bbsimple\u00bb column_border_width=\u00bbnone\u00bb column_border_style=\u00bbsolid\u00bb column_padding_type=\u00bbdefault\u00bb gradient_type=\u00bbdefault\u00bb][nectar_responsive_text inherited_font_style=\u00bbdefault\u00bb font_size_min=\u00bb16px\u00bb font_size_max=\u00bb20px\u00bb font_size_desktop=\u00bb1.8vw\u00bb font_line_height=\u00bb1.6&#8243; text_direction=\u00bbdefault\u00bb]\n<h2 class=\"font_8 wixui-rich-text__text\"><span class=\"wixui-rich-text__text\"><span class=\"color_27 wixui-rich-text__text\"><strong>CREEMOS<\/strong><\/span><\/span><span class=\"wixui-rich-text__text\"><span class=\"color_27 wixui-rich-text__text\">  que las Escrituras constan de los 39 libros del Antiguo Testamento y los 27 libros del Nuevo Testamento, originalmente inspirados y otorgados por el Esp\u00edritu Santo. Creemos que las Escrituras son infalibles, inerrantes, y deben ser recibidas, le\u00eddas, cre\u00eddas y obedecidas como la palabra escrita de Dios. <\/span><\/span><\/h2>\n<h2 class=\"font_8 wixui-rich-text__text\"><span class=\"wixui-rich-text__text\"><span class=\"wixGuard wixui-rich-text__text\">\u200b<\/span><\/span><\/h2>\n<h2 class=\"font_8 wixui-rich-text__text\"><span class=\"wixui-rich-text__text\"><span class=\"color_27 wixui-rich-text__text\"><strong>CREEMOS<\/strong><\/span><\/span><span class=\"wixui-rich-text__text\"><span class=\"color_27 wixui-rich-text__text\">  que las Escrituras revelan un solo Dios vivo y verdadero, que existe en las tres personas de la Divinidad: el Padre, el Hijo y el Esp\u00edritu Santo. Estos tres son un solo Dios, de la misma sustancia, iguales en poder y gloria. <\/span><\/span><\/h2>\n<h2 class=\"font_8 wixui-rich-text__text\"><span class=\"wixui-rich-text__text\"><span class=\"wixGuard wixui-rich-text__text\">\u200b<\/span><\/span><\/h2>\n<h2 class=\"font_8 wixui-rich-text__text\"><span class=\"wixui-rich-text__text\"><span class=\"color_27 wixui-rich-text__text\"><strong>CREEMOS<\/strong><\/span><\/span><span class=\"wixui-rich-text__text\"><span class=\"color_27 wixui-rich-text__text\"> en la plena deidad y plena humanidad de Jesucristo, en su nacimiento virginal, su vida sin pecado, sus milagros, su muerte sustitutiva y expiatoria, su resurrecci\u00f3n corporal, su ascensi\u00f3n a la diestra de Dios el Padre, su gobierno actual sobre la iglesia y su intercesi\u00f3n por ella, y su retorno visible en poder y gloria.<\/span><\/span><\/h2>\n<h2 class=\"font_8 wixui-rich-text__text\"><span class=\"wixui-rich-text__text\"><span class=\"wixGuard wixui-rich-text__text\">\u200b<\/span><\/span><\/h2>\n<h2 class=\"font_8 wixui-rich-text__text\"><span class=\"wixui-rich-text__text\"><span class=\"color_27 wixui-rich-text__text\"><strong>CREEMOS<\/strong><\/span><\/span><span class=\"wixui-rich-text__text\"><span class=\"color_27 wixui-rich-text__text\">  en el ministerio presente del Esp\u00edritu Santo, cuya obra de regeneraci\u00f3n es esencial para la salvaci\u00f3n. Por el poder santificador del Esp\u00edritu, que mora en todos los creyentes en Cristo, somos capacitados para vivir vidas piadosas de adoraci\u00f3n y servicio. <\/span><\/span><\/h2>\n<h2 class=\"font_8 wixui-rich-text__text\"><span class=\"wixui-rich-text__text\"><span class=\"wixGuard wixui-rich-text__text\">\u200b<\/span><\/span><\/h2>\n<h2 class=\"font_8 wixui-rich-text__text\"><span class=\"wixui-rich-text__text\"><span class=\"color_27 wixui-rich-text__text\"><strong>CREEMOS<\/strong> en la resurrecci\u00f3n corporal de cada persona para el d\u00eda final del juicio ante el Se\u00f1or Jesucristo \u2014 los perdidos para castigo eterno y los salvos para vida eterna.<\/span><\/span><\/h2>\n[\/nectar_responsive_text][\/vc_column][\/vc_row]\n","protected":false},"excerpt":{"rendered":"<p>[vc_row type=\u00bbfull_width_content\u00bb full_screen_row_position=\u00bbmiddle\u00bb column_margin=\u00bbdefault\u00bb column_direction=\u00bbdefault\u00bb column_direction_tablet=\u00bbdefault\u00bb column_direction_phone=\u00bbdefault\u00bb bg_image=\u00bb6292&#8243; bg_position=\u00bbleft top\u00bb background_image_loading=\u00bbdefault\u00bb bg_repeat=\u00bbno-repeat\u00bb animated_gradient_bg=\u00bbtrue\u00bb animated_gradient_bg_color_1=\u00bb#0072ce\u00bb animated_gradient_bg_color_2=\u00bb#ffab19&#8243; animated_gradient_bg_speed=\u00bb850&#8243; animated_gradient_bg_blending_mode=\u00bborganic\u00bb scene_position=\u00bbcenter\u00bb top_padding=\u00bb7%\u00bb left_padding_desktop=\u00bb6%\u00bb constrain_group_2=\u00bbyes\u00bb right_padding_desktop=\u00bb6%\u00bb top_margin=\u00bb0&#8243; text_color=\u00bbdark\u00bb text_align=\u00bbleft\u00bb row_border_radius=\u00bbnone\u00bb row_border_radius_applies=\u00bbbg\u00bb overflow=\u00bbvisible\u00bb enable_gradient=\u00bbtrue\u00bb color_overlay=\u00bbrgba(7,69,103,0.33)\u00bb&#8230;<\/p>\n","protected":false},"author":4,"featured_media":0,"parent":0,"menu_order":0,"comment_status":"closed","ping_status":"closed","template":"","meta":{"footnotes":""},"class_list":["post-7345","page","type-page","status-publish"],"yoast_head":"<!-- This site is optimized with the Yoast SEO plugin v25.5 - https:\/\/yoast.com\/wordpress\/plugins\/seo\/ -->\n<title>Declaraci\u00f3n de fe - ThirdmillSeminary<\/title>\n<meta name=\"robots\" content=\"index, follow, max-snippet:-1, max-image-preview:large, max-video-preview:-1\" \/>\n<link rel=\"canonical\" href=\"https:\/\/thirdmillseminary.edu\/es\/declaracion-de-fe\/\" \/>\n<meta property=\"og:locale\" content=\"es_ES\" \/>\n<meta property=\"og:type\" content=\"article\" \/>\n<meta property=\"og:title\" content=\"Declaraci\u00f3n de fe - ThirdmillSeminary\" \/>\n<meta property=\"og:description\" content=\"[vc_row type=\u00bbfull_width_content\u00bb full_screen_row_position=\u00bbmiddle\u00bb column_margin=\u00bbdefault\u00bb column_direction=\u00bbdefault\u00bb column_direction_tablet=\u00bbdefault\u00bb column_direction_phone=\u00bbdefault\u00bb bg_image=\u00bb6292&#8243; bg_position=\u00bbleft top\u00bb background_image_loading=\u00bbdefault\u00bb bg_repeat=\u00bbno-repeat\u00bb animated_gradient_bg=\u00bbtrue\u00bb animated_gradient_bg_color_1=\u00bb#0072ce\u00bb animated_gradient_bg_color_2=\u00bb#ffab19&#8243; animated_gradient_bg_speed=\u00bb850&#8243; animated_gradient_bg_blending_mode=\u00bborganic\u00bb scene_position=\u00bbcenter\u00bb top_padding=\u00bb7%\u00bb left_padding_desktop=\u00bb6%\u00bb constrain_group_2=\u00bbyes\u00bb right_padding_desktop=\u00bb6%\u00bb top_margin=\u00bb0&#8243; text_color=\u00bbdark\u00bb text_align=\u00bbleft\u00bb row_border_radius=\u00bbnone\u00bb row_border_radius_applies=\u00bbbg\u00bb overflow=\u00bbvisible\u00bb enable_gradient=\u00bbtrue\u00bb color_overlay=\u00bbrgba(7,69,103,0.33)\u00bb...\" \/>\n<meta property=\"og:url\" content=\"https:\/\/thirdmillseminary.edu\/es\/declaracion-de-fe\/\" \/>\n<meta property=\"og:site_name\" content=\"ThirdmillSeminary\" \/>\n<meta property=\"article:publisher\" content=\"https:\/\/facebook.com\/thirdmillseminary\/\" \/>\n<meta property=\"article:modified_time\" content=\"2025-07-25T17:08:53+00:00\" \/>\n<meta name=\"twitter:card\" content=\"summary_large_image\" \/>\n<meta name=\"twitter:site\" content=\"@thirdmillsem\" \/>\n<meta name=\"twitter:label1\" content=\"Tiempo de lectura\" \/>\n\t<meta name=\"twitter:data1\" content=\"5 minutos\" \/>\n<script type=\"application\/ld+json\" class=\"yoast-schema-graph\">{\"@context\":\"https:\/\/schema.org\",\"@graph\":[{\"@type\":\"WebPage\",\"@id\":\"https:\/\/thirdmillseminary.edu\/es\/declaracion-de-fe\/\",\"url\":\"https:\/\/thirdmillseminary.edu\/es\/declaracion-de-fe\/\",\"name\":\"Declaraci\u00f3n de fe - ThirdmillSeminary\",\"isPartOf\":{\"@id\":\"https:\/\/thirdmillseminary.edu\/es\/#website\"},\"datePublished\":\"2025-01-10T22:17:27+00:00\",\"dateModified\":\"2025-07-25T17:08:53+00:00\",\"breadcrumb\":{\"@id\":\"https:\/\/thirdmillseminary.edu\/es\/declaracion-de-fe\/#breadcrumb\"},\"inLanguage\":\"es\",\"potentialAction\":[{\"@type\":\"ReadAction\",\"target\":[\"https:\/\/thirdmillseminary.edu\/es\/declaracion-de-fe\/\"]}]},{\"@type\":\"BreadcrumbList\",\"@id\":\"https:\/\/thirdmillseminary.edu\/es\/declaracion-de-fe\/#breadcrumb\",\"itemListElement\":[{\"@type\":\"ListItem\",\"position\":1,\"name\":\"Home\",\"item\":\"https:\/\/thirdmillseminary.edu\/es\/inicio\/\"},{\"@type\":\"ListItem\",\"position\":2,\"name\":\"Declaraci\u00f3n de fe\"}]},{\"@type\":\"WebSite\",\"@id\":\"https:\/\/thirdmillseminary.edu\/es\/#website\",\"url\":\"https:\/\/thirdmillseminary.edu\/es\/\",\"name\":\"Thirdmill Seminary\",\"description\":\"Affordable Seminary | Master of Divinity \",\"publisher\":{\"@id\":\"https:\/\/thirdmillseminary.edu\/es\/#organization\"},\"potentialAction\":[{\"@type\":\"SearchAction\",\"target\":{\"@type\":\"EntryPoint\",\"urlTemplate\":\"https:\/\/thirdmillseminary.edu\/es\/?s={search_term_string}\"},\"query-input\":{\"@type\":\"PropertyValueSpecification\",\"valueRequired\":true,\"valueName\":\"search_term_string\"}}],\"inLanguage\":\"es\"},{\"@type\":\"Organization\",\"@id\":\"https:\/\/thirdmillseminary.edu\/es\/#organization\",\"name\":\"Thirdmill Seminary\",\"url\":\"https:\/\/thirdmillseminary.edu\/es\/\",\"logo\":{\"@type\":\"ImageObject\",\"inLanguage\":\"es\",\"@id\":\"https:\/\/thirdmillseminary.edu\/es\/#\/schema\/logo\/image\/\",\"url\":\"https:\/\/thirdmillseminary.edu\/wp-content\/uploads\/Thirdmill-Logo-1-1.png\",\"contentUrl\":\"https:\/\/thirdmillseminary.edu\/wp-content\/uploads\/Thirdmill-Logo-1-1.png\",\"width\":571,\"height\":80,\"caption\":\"Thirdmill Seminary\"},\"image\":{\"@id\":\"https:\/\/thirdmillseminary.edu\/es\/#\/schema\/logo\/image\/\"},\"sameAs\":[\"https:\/\/facebook.com\/thirdmillseminary\/\",\"https:\/\/x.com\/thirdmillsem\",\"http:\/\/instagram.com\/thirdmillseminary\/\"]}]}<\/script>\n<!-- \/ Yoast SEO plugin. -->","yoast_head_json":{"title":"Declaraci\u00f3n de fe - ThirdmillSeminary","robots":{"index":"index","follow":"follow","max-snippet":"max-snippet:-1","max-image-preview":"max-image-preview:large","max-video-preview":"max-video-preview:-1"},"canonical":"https:\/\/thirdmillseminary.edu\/es\/declaracion-de-fe\/","og_locale":"es_ES","og_type":"article","og_title":"Declaraci\u00f3n de fe - ThirdmillSeminary","og_description":"[vc_row type=\u00bbfull_width_content\u00bb full_screen_row_position=\u00bbmiddle\u00bb column_margin=\u00bbdefault\u00bb column_direction=\u00bbdefault\u00bb column_direction_tablet=\u00bbdefault\u00bb column_direction_phone=\u00bbdefault\u00bb bg_image=\u00bb6292&#8243; bg_position=\u00bbleft top\u00bb background_image_loading=\u00bbdefault\u00bb bg_repeat=\u00bbno-repeat\u00bb animated_gradient_bg=\u00bbtrue\u00bb animated_gradient_bg_color_1=\u00bb#0072ce\u00bb animated_gradient_bg_color_2=\u00bb#ffab19&#8243; animated_gradient_bg_speed=\u00bb850&#8243; animated_gradient_bg_blending_mode=\u00bborganic\u00bb scene_position=\u00bbcenter\u00bb top_padding=\u00bb7%\u00bb left_padding_desktop=\u00bb6%\u00bb constrain_group_2=\u00bbyes\u00bb right_padding_desktop=\u00bb6%\u00bb top_margin=\u00bb0&#8243; text_color=\u00bbdark\u00bb text_align=\u00bbleft\u00bb row_border_radius=\u00bbnone\u00bb row_border_radius_applies=\u00bbbg\u00bb overflow=\u00bbvisible\u00bb enable_gradient=\u00bbtrue\u00bb color_overlay=\u00bbrgba(7,69,103,0.33)\u00bb...","og_url":"https:\/\/thirdmillseminary.edu\/es\/declaracion-de-fe\/","og_site_name":"ThirdmillSeminary","article_publisher":"https:\/\/facebook.com\/thirdmillseminary\/","article_modified_time":"2025-07-25T17:08:53+00:00","twitter_card":"summary_large_image","twitter_site":"@thirdmillsem","twitter_misc":{"Tiempo de lectura":"5 minutos"},"schema":{"@context":"https:\/\/schema.org","@graph":[{"@type":"WebPage","@id":"https:\/\/thirdmillseminary.edu\/es\/declaracion-de-fe\/","url":"https:\/\/thirdmillseminary.edu\/es\/declaracion-de-fe\/","name":"Declaraci\u00f3n de fe - ThirdmillSeminary","isPartOf":{"@id":"https:\/\/thirdmillseminary.edu\/es\/#website"},"datePublished":"2025-01-10T22:17:27+00:00","dateModified":"2025-07-25T17:08:53+00:00","breadcrumb":{"@id":"https:\/\/thirdmillseminary.edu\/es\/declaracion-de-fe\/#breadcrumb"},"inLanguage":"es","potentialAction":[{"@type":"ReadAction","target":["https:\/\/thirdmillseminary.edu\/es\/declaracion-de-fe\/"]}]},{"@type":"BreadcrumbList","@id":"https:\/\/thirdmillseminary.edu\/es\/declaracion-de-fe\/#breadcrumb","itemListElement":[{"@type":"ListItem","position":1,"name":"Home","item":"https:\/\/thirdmillseminary.edu\/es\/inicio\/"},{"@type":"ListItem","position":2,"name":"Declaraci\u00f3n de fe"}]},{"@type":"WebSite","@id":"https:\/\/thirdmillseminary.edu\/es\/#website","url":"https:\/\/thirdmillseminary.edu\/es\/","name":"Thirdmill Seminary","description":"Affordable Seminary | Master of Divinity ","publisher":{"@id":"https:\/\/thirdmillseminary.edu\/es\/#organization"},"potentialAction":[{"@type":"SearchAction","target":{"@type":"EntryPoint","urlTemplate":"https:\/\/thirdmillseminary.edu\/es\/?s={search_term_string}"},"query-input":{"@type":"PropertyValueSpecification","valueRequired":true,"valueName":"search_term_string"}}],"inLanguage":"es"},{"@type":"Organization","@id":"https:\/\/thirdmillseminary.edu\/es\/#organization","name":"Thirdmill Seminary","url":"https:\/\/thirdmillseminary.edu\/es\/","logo":{"@type":"ImageObject","inLanguage":"es","@id":"https:\/\/thirdmillseminary.edu\/es\/#\/schema\/logo\/image\/","url":"https:\/\/thirdmillseminary.edu\/wp-content\/uploads\/Thirdmill-Logo-1-1.png","contentUrl":"https:\/\/thirdmillseminary.edu\/wp-content\/uploads\/Thirdmill-Logo-1-1.png","width":571,"height":80,"caption":"Thirdmill Seminary"},"image":{"@id":"https:\/\/thirdmillseminary.edu\/es\/#\/schema\/logo\/image\/"},"sameAs":["https:\/\/facebook.com\/thirdmillseminary\/","https:\/\/x.com\/thirdmillsem","http:\/\/instagram.com\/thirdmillseminary\/"]}]}},"_links":{"self":[{"href":"https:\/\/thirdmillseminary.edu\/es\/wp-json\/wp\/v2\/pages\/7345","targetHints":{"allow":["GET"]}}],"collection":[{"href":"https:\/\/thirdmillseminary.edu\/es\/wp-json\/wp\/v2\/pages"}],"about":[{"href":"https:\/\/thirdmillseminary.edu\/es\/wp-json\/wp\/v2\/types\/page"}],"author":[{"embeddable":true,"href":"https:\/\/thirdmillseminary.edu\/es\/wp-json\/wp\/v2\/users\/4"}],"replies":[{"embeddable":true,"href":"https:\/\/thirdmillseminary.edu\/es\/wp-json\/wp\/v2\/comments?post=7345"}],"version-history":[{"count":15,"href":"https:\/\/thirdmillseminary.edu\/es\/wp-json\/wp\/v2\/pages\/7345\/revisions"}],"predecessor-version":[{"id":8057,"href":"https:\/\/thirdmillseminary.edu\/es\/wp-json\/wp\/v2\/pages\/7345\/revisions\/8057"}],"wp:attachment":[{"href":"https:\/\/thirdmillseminary.edu\/es\/wp-json\/wp\/v2\/media?parent=7345"}],"curies":[{"name":"wp","href":"https:\/\/api.w.org\/{rel}","templated":true}]}}