{"id":7363,"date":"2025-01-17T16:14:30","date_gmt":"2025-01-17T21:14:30","guid":{"rendered":"https:\/\/thirdmillseminary.edu\/historia\/"},"modified":"2025-07-21T17:25:41","modified_gmt":"2025-07-21T21:25:41","slug":"historia","status":"publish","type":"page","link":"https:\/\/thirdmillseminary.edu\/es\/historia\/","title":{"rendered":"Historia"},"content":{"rendered":"[vc_row type=\u00bbfull_width_background\u00bb full_screen_row_position=\u00bbmiddle\u00bb column_margin=\u00bbdefault\u00bb column_direction=\u00bbdefault\u00bb column_direction_tablet=\u00bbdefault\u00bb column_direction_phone=\u00bbdefault\u00bb animated_gradient_bg=\u00bbtrue\u00bb animated_gradient_bg_color_1=\u00bb#0072ce\u00bb animated_gradient_bg_color_2=\u00bb#ffab19&#8243; animated_gradient_bg_speed=\u00bb850&#8243; animated_gradient_bg_blending_mode=\u00bborganic\u00bb scene_position=\u00bbcenter\u00bb top_padding=\u00bb7%\u00bb left_padding_desktop=\u00bb6%\u00bb constrain_group_2=\u00bbyes\u00bb right_padding_desktop=\u00bb6%\u00bb top_margin=\u00bb0&#8243; text_color=\u00bbdark\u00bb text_align=\u00bbleft\u00bb row_border_radius=\u00bbnone\u00bb row_border_radius_applies=\u00bbbg\u00bb overflow=\u00bbvisible\u00bb enable_gradient=\u00bbtrue\u00bb color_overlay=\u00bbrgba(7,69,103,0.33)\u00bb color_overlay_2=\u00bb#ffffff\u00bb advanced_gradient_angle=\u00bb0&#8243; overlay_strength=\u00bb1&#8243; gradient_direction=\u00bbtop_to_bottom\u00bb shape_divider_position=\u00bbbottom\u00bb bg_image_animation=\u00bbnone\u00bb gradient_type=\u00bbdefault\u00bb shape_type=\u00bb\u00bb][vc_column column_padding=\u00bbno-extra-padding\u00bb column_padding_tablet=\u00bbinherit\u00bb column_padding_phone=\u00bbinherit\u00bb column_padding_position=\u00bball\u00bb column_element_direction_desktop=\u00bbdefault\u00bb column_element_spacing=\u00bbdefault\u00bb desktop_text_alignment=\u00bbdefault\u00bb tablet_text_alignment=\u00bbdefault\u00bb phone_text_alignment=\u00bbdefault\u00bb background_color_opacity=\u00bb1&#8243; background_hover_color_opacity=\u00bb1&#8243; column_backdrop_filter=\u00bbnone\u00bb column_shadow=\u00bbnone\u00bb column_border_radius=\u00bbnone\u00bb column_link_target=\u00bb_self\u00bb column_position=\u00bbdefault\u00bb overflow=\u00bbhidden\u00bb gradient_direction=\u00bbleft_to_right\u00bb overlay_strength=\u00bb0.3&#8243; width=\u00bb1\/1&#8243; tablet_width_inherit=\u00bbdefault\u00bb animation_type=\u00bbdefault\u00bb bg_image_animation=\u00bbnone\u00bb parallax_bg=\u00bbtrue\u00bb parallax_bg_speed=\u00bbminimum\u00bb border_type=\u00bbsimple\u00bb column_border_width=\u00bbnone\u00bb column_border_style=\u00bbsolid\u00bb column_padding_type=\u00bbdefault\u00bb gradient_type=\u00bbdefault\u00bb][split_line_heading animation_type=\u00bbline-reveal-by-space\u00bb font_style=\u00bbh1&#8243; text_color=\u00bb#161b33&#8243; line_reveal_by_space_text_effect=\u00bbletter-reveal-bottom\u00bb stagger_animation=\u00bbtrue\u00bb mobile_disable_animation=\u00bbtrue\u00bb content_alignment=\u00bbdefault\u00bb mobile_content_alignment=\u00bbinherit\u00bb link_target=\u00bb_self\u00bb text_content=\u00bbHistoria\u00bb font_size=\u00bb8vw\u00bb font_size_tablet=\u00bb9vw\u00bb font_size_phone=\u00bb10vw\u00bb text_direction=\u00bbdefault\u00bb][\/split_line_heading][split_line_heading animation_type=\u00bbline-reveal-by-space\u00bb font_style=\u00bbh2&#8243; font_size_max=\u00bb108px\u00bb line_reveal_by_space_text_effect=\u00bbletter-reveal-bottom\u00bb stagger_animation=\u00bbtrue\u00bb content_alignment=\u00bbdefault\u00bb mobile_content_alignment=\u00bbinherit\u00bb link_target=\u00bb_self\u00bb text_content=\u00bbUn legado de la edificaci\u00f3n de su Reino.\u00bb text_direction=\u00bbdefault\u00bb font_line_height=\u00bb1.2&#8243; font_size_tablet=\u00bb7vw\u00bb][\/split_line_heading][\/vc_column][\/vc_row][vc_row type=\u00bbfull_width_background\u00bb full_screen_row_position=\u00bbmiddle\u00bb column_margin=\u00bbdefault\u00bb column_direction=\u00bbdefault\u00bb column_direction_tablet=\u00bbdefault\u00bb column_direction_phone=\u00bbdefault\u00bb scene_position=\u00bbcenter\u00bb top_padding=\u00bb10%\u00bb bottom_padding=\u00bb6%\u00bb left_padding_desktop=\u00bb15%\u00bb constrain_group_2=\u00bbyes\u00bb right_padding_desktop=\u00bb15%\u00bb top_padding_tablet=\u00bb14%\u00bb text_color=\u00bbdark\u00bb text_align=\u00bbleft\u00bb row_border_radius=\u00bbnone\u00bb row_border_radius_applies=\u00bbbg\u00bb overflow=\u00bbvisible\u00bb id=\u00bbawards\u00bb overlay_strength=\u00bb0.8&#8243; gradient_direction=\u00bbleft_to_right\u00bb shape_divider_position=\u00bbbottom\u00bb bg_image_animation=\u00bbnone\u00bb shape_type=\u00bb\u00bb gradient_type=\u00bbdefault\u00bb][vc_column column_padding=\u00bbno-extra-padding\u00bb column_padding_tablet=\u00bbinherit\u00bb column_padding_phone=\u00bbinherit\u00bb column_padding_position=\u00bball\u00bb column_element_direction_desktop=\u00bbdefault\u00bb column_element_spacing=\u00bb20px\u00bb desktop_text_alignment=\u00bbdefault\u00bb tablet_text_alignment=\u00bbdefault\u00bb phone_text_alignment=\u00bbdefault\u00bb background_color_opacity=\u00bb1&#8243; background_hover_color_opacity=\u00bb1&#8243; column_backdrop_filter=\u00bbnone\u00bb column_shadow=\u00bbnone\u00bb column_border_radius=\u00bbnone\u00bb column_link_target=\u00bb_self\u00bb column_position=\u00bbdefault\u00bb gradient_direction=\u00bbleft_to_right\u00bb overlay_strength=\u00bb0.3&#8243; width=\u00bb1\/1&#8243; tablet_width_inherit=\u00bbdefault\u00bb animation_type=\u00bbdefault\u00bb bg_image_animation=\u00bbnone\u00bb border_type=\u00bbsimple\u00bb column_border_width=\u00bbnone\u00bb column_border_style=\u00bbsolid\u00bb column_padding_type=\u00bbdefault\u00bb gradient_type=\u00bbdefault\u00bb][vc_row_inner column_margin=\u00bbnone\u00bb column_direction=\u00bbdefault\u00bb column_direction_tablet=\u00bbdefault\u00bb column_direction_phone=\u00bbdefault\u00bb text_align=\u00bbleft\u00bb row_position=\u00bbdefault\u00bb row_position_tablet=\u00bbinherit\u00bb row_position_phone=\u00bbinherit\u00bb overflow=\u00bbvisible\u00bb pointer_events=\u00bball\u00bb][vc_column_inner column_padding=\u00bbno-extra-padding\u00bb column_padding_tablet=\u00bbinherit\u00bb column_padding_phone=\u00bbinherit\u00bb column_padding_position=\u00bball\u00bb column_element_direction_desktop=\u00bbdefault\u00bb column_element_spacing=\u00bbdefault\u00bb desktop_text_alignment=\u00bbdefault\u00bb tablet_text_alignment=\u00bbdefault\u00bb phone_text_alignment=\u00bbdefault\u00bb background_color_opacity=\u00bb1&#8243; background_hover_color_opacity=\u00bb1&#8243; column_backdrop_filter=\u00bbnone\u00bb column_shadow=\u00bbnone\u00bb column_border_radius=\u00bbnone\u00bb column_link_target=\u00bb_self\u00bb overflow=\u00bbvisible\u00bb gradient_direction=\u00bbleft_to_right\u00bb overlay_strength=\u00bb0.3&#8243; width=\u00bb1\/1&#8243; tablet_width_inherit=\u00bbdefault\u00bb animation_type=\u00bbdefault\u00bb bg_image_animation=\u00bbnone\u00bb border_type=\u00bbsimple\u00bb column_border_width=\u00bbnone\u00bb column_border_style=\u00bbsolid\u00bb column_padding_type=\u00bbdefault\u00bb gradient_type=\u00bbdefault\u00bb][nectar_horizontal_list_item columns=\u00bb2&#8243; column_layout_using_2_columns=\u00bbxsmall_first\u00bb responsive_display=\u00bbmultiple_columns\u00bb col_1_text_align=\u00bbleft\u00bb col_2_text_align=\u00bbleft\u00bb col_1_text_element=\u00bbh3&#8243; col_2_text_element=\u00bbp\u00bb font_family=\u00bbp\u00bb hover_effect=\u00bbnone\u00bb border_animation=\u00bbtrue\u00bb border_color=\u00bb#ffffff\u00bb icon_family=\u00bbnone\u00bb icon_size=\u00bblarge\u00bb col_1_content=\u00bb2015&#8243; col_2_content=\u00bbNuestra organizaci\u00f3n madre, Third Millennium Ministries, complet\u00f3 26 cursos de un plan de estudios multimedia en Biblia y Teolog\u00eda, equivalente a un programa de nivel de Maestr\u00eda de dos a\u00f1os.\u00bb][nectar_horizontal_list_item columns=\u00bb2&#8243; column_layout_using_2_columns=\u00bbxsmall_first\u00bb responsive_display=\u00bbmultiple_columns\u00bb col_1_text_align=\u00bbleft\u00bb col_2_text_align=\u00bbleft\u00bb col_1_text_element=\u00bbh3&#8243; col_2_text_element=\u00bbp\u00bb font_family=\u00bbp\u00bb hover_effect=\u00bbnone\u00bb border_animation=\u00bbtrue\u00bb border_color=\u00bb#ffffff\u00bb icon_family=\u00bbnone\u00bb icon_size=\u00bblarge\u00bb col_1_content=\u00bb2018&#8243; col_2_content=\u00bbEn agosto de este a\u00f1o, Thirdmill Seminary se estableci\u00f3 como una subsidiaria de Third Millennium Ministries con el objetivo de proporcionar programas acad\u00e9micos multiling\u00fces, inicialmente en ingl\u00e9s y espa\u00f1ol.\u00bb][nectar_horizontal_list_item columns=\u00bb2&#8243; column_layout_using_2_columns=\u00bbxsmall_first\u00bb responsive_display=\u00bbmultiple_columns\u00bb col_1_text_align=\u00bbleft\u00bb col_2_text_align=\u00bbleft\u00bb col_1_text_element=\u00bbh3&#8243; col_2_text_element=\u00bbp\u00bb font_family=\u00bbp\u00bb hover_effect=\u00bbnone\u00bb border_animation=\u00bbtrue\u00bb border_color=\u00bb#ffffff\u00bb icon_family=\u00bbnone\u00bb icon_size=\u00bblarge\u00bb col_1_content=\u00bb2018&#8243; col_2_content=\u00bbJunta directiva fundadora: Rev. J. Edward Norton, Dr. Richard L. Pratt, Jr., y el Juez C. Ashley Royal.\u00bb][nectar_horizontal_list_item columns=\u00bb2&#8243; column_layout_using_2_columns=\u00bbxsmall_first\u00bb responsive_display=\u00bbmultiple_columns\u00bb col_1_text_align=\u00bbleft\u00bb col_2_text_align=\u00bbleft\u00bb col_1_text_element=\u00bbh3&#8243; col_2_text_element=\u00bbp\u00bb font_family=\u00bbp\u00bb hover_effect=\u00bbnone\u00bb border_animation=\u00bbtrue\u00bb border_color=\u00bb#ffffff\u00bb icon_family=\u00bbnone\u00bb icon_size=\u00bblarge\u00bb col_1_content=\u00bb2019&#8243; col_2_content=\u00bbLos cursos inaugurales para la Maestr\u00eda en Estudios Cristianos se imparten en ingl\u00e9s y espa\u00f1ol.\u00bb][nectar_horizontal_list_item columns=\u00bb2&#8243; column_layout_using_2_columns=\u00bbxsmall_first\u00bb responsive_display=\u00bbmultiple_columns\u00bb col_1_text_align=\u00bbleft\u00bb col_2_text_align=\u00bbleft\u00bb col_1_text_element=\u00bbh3&#8243; col_2_text_element=\u00bbp\u00bb font_family=\u00bbp\u00bb hover_effect=\u00bbnone\u00bb border_animation=\u00bbtrue\u00bb border_color=\u00bb#ffffff\u00bb icon_family=\u00bbnone\u00bb icon_size=\u00bblarge\u00bb col_1_content=\u00bb2021&#8243; col_2_content=\u00bbThirdmill Seminary celebr\u00f3 su primera conferencia de hermen\u00e9utica, en l\u00ednea y presencial en Miami, Florida, con traducci\u00f3n simult\u00e1nea al espa\u00f1ol.\u00bb][nectar_horizontal_list_item columns=\u00bb2&#8243; column_layout_using_2_columns=\u00bbxsmall_first\u00bb responsive_display=\u00bbmultiple_columns\u00bb col_1_text_align=\u00bbleft\u00bb col_2_text_align=\u00bbleft\u00bb col_1_text_element=\u00bbh3&#8243; col_2_text_element=\u00bbp\u00bb font_family=\u00bbp\u00bb hover_effect=\u00bbnone\u00bb border_animation=\u00bbtrue\u00bb border_color=\u00bb#ffffff\u00bb icon_family=\u00bbnone\u00bb icon_size=\u00bblarge\u00bb col_1_content=\u00bb2022&#8243; col_2_content=\u00bbEl Rev. Will Savell y el Dr. Mark Hill se unen a la Junta Directiva.\u00bb][nectar_horizontal_list_item columns=\u00bb2&#8243; column_layout_using_2_columns=\u00bbxsmall_first\u00bb responsive_display=\u00bbmultiple_columns\u00bb col_1_text_align=\u00bbleft\u00bb col_2_text_align=\u00bbleft\u00bb col_1_text_element=\u00bbh3&#8243; col_2_text_element=\u00bbp\u00bb font_family=\u00bbp\u00bb hover_effect=\u00bbnone\u00bb border_animation=\u00bbtrue\u00bb border_color=\u00bb#ffffff\u00bb icon_family=\u00bbnone\u00bb icon_size=\u00bblarge\u00bb col_1_content=\u00bb2023&#8243; col_2_content=\u00bbLos programas de Thirdmill Seminary en ingl\u00e9s y espa\u00f1ol son acreditados por DEAC, la Comisi\u00f3n Acreditadora de Educaci\u00f3n a Distancia de los Estados Unidos de Norte Am\u00e9rica.\u00bb][nectar_horizontal_list_item columns=\u00bb2&#8243; column_layout_using_2_columns=\u00bbxsmall_first\u00bb responsive_display=\u00bbmultiple_columns\u00bb col_1_text_align=\u00bbleft\u00bb col_2_text_align=\u00bbleft\u00bb col_1_text_element=\u00bbh3&#8243; col_2_text_element=\u00bbp\u00bb font_family=\u00bbp\u00bb hover_effect=\u00bbnone\u00bb border_animation=\u00bbtrue\u00bb border_color=\u00bb#ffffff\u00bb icon_family=\u00bbnone\u00bb icon_size=\u00bblarge\u00bb col_1_content=\u00bb2023&#8243; col_2_content=\u00bbSe celebra la primera graduaci\u00f3n con 10 estudiantes que obtienen un Certificado de Posgrado o una Maestr\u00eda en Estudios Cristianos.\u00bb][nectar_horizontal_list_item columns=\u00bb2&#8243; column_layout_using_2_columns=\u00bbxsmall_first\u00bb responsive_display=\u00bbmultiple_columns\u00bb col_1_text_align=\u00bbleft\u00bb col_2_text_align=\u00bbleft\u00bb col_1_text_element=\u00bbh3&#8243; col_2_text_element=\u00bbp\u00bb font_family=\u00bbp\u00bb hover_effect=\u00bbnone\u00bb border_animation=\u00bbtrue\u00bb border_color=\u00bb#ffffff\u00bb icon_family=\u00bbnone\u00bb icon_size=\u00bblarge\u00bb col_1_content=\u00bb2024&#8243; col_2_content=\u00bbEl Dr. Chris Hatch se uni\u00f3 al equipo del Seminario como Profesor Asistente de Teolog\u00eda Pr\u00e1ctica y Director de Asociaciones.\u00bb][nectar_horizontal_list_item columns=\u00bb2&#8243; column_layout_using_2_columns=\u00bbxsmall_first\u00bb responsive_display=\u00bbmultiple_columns\u00bb col_1_text_align=\u00bbleft\u00bb col_2_text_align=\u00bbleft\u00bb col_1_text_element=\u00bbh3&#8243; col_2_text_element=\u00bbp\u00bb font_family=\u00bbp\u00bb hover_effect=\u00bbnone\u00bb border_animation=\u00bbtrue\u00bb border_color=\u00bb#ffffff\u00bb icon_family=\u00bbnone\u00bb icon_size=\u00bblarge\u00bb col_1_content=\u00bb2024&#8243; col_2_content=\u00bbThirdmill Seminary es aprobado por el Consejo Nacional para los Acuerdos de Reciprocidad de Autorizaci\u00f3n Estatal (NC-SARA).\u00bb][nectar_horizontal_list_item columns=\u00bb2&#8243; column_layout_using_2_columns=\u00bbxsmall_first\u00bb responsive_display=\u00bbmultiple_columns\u00bb col_1_text_align=\u00bbleft\u00bb col_2_text_align=\u00bbleft\u00bb col_1_text_element=\u00bbh3&#8243; col_2_text_element=\u00bbp\u00bb font_family=\u00bbp\u00bb hover_effect=\u00bbnone\u00bb border_animation=\u00bbtrue\u00bb border_color=\u00bb#ffffff\u00bb icon_family=\u00bbnone\u00bb icon_size=\u00bblarge\u00bb col_1_content=\u00bb2025&#8243; col_2_content=\u00bbLos programas de maestr\u00eda en Divinidad en ingl\u00e9s y espa\u00f1ol son aprobados y acreditados por DEAC.\u00bb][\/vc_column_inner][\/vc_row_inner][\/vc_column][\/vc_row]\n","protected":false},"excerpt":{"rendered":"<p>[vc_row type=\u00bbfull_width_background\u00bb full_screen_row_position=\u00bbmiddle\u00bb column_margin=\u00bbdefault\u00bb column_direction=\u00bbdefault\u00bb column_direction_tablet=\u00bbdefault\u00bb column_direction_phone=\u00bbdefault\u00bb animated_gradient_bg=\u00bbtrue\u00bb animated_gradient_bg_color_1=\u00bb#0072ce\u00bb animated_gradient_bg_color_2=\u00bb#ffab19&#8243; animated_gradient_bg_speed=\u00bb850&#8243; animated_gradient_bg_blending_mode=\u00bborganic\u00bb scene_position=\u00bbcenter\u00bb top_padding=\u00bb7%\u00bb left_padding_desktop=\u00bb6%\u00bb constrain_group_2=\u00bbyes\u00bb right_padding_desktop=\u00bb6%\u00bb top_margin=\u00bb0&#8243; text_color=\u00bbdark\u00bb text_align=\u00bbleft\u00bb row_border_radius=\u00bbnone\u00bb row_border_radius_applies=\u00bbbg\u00bb overflow=\u00bbvisible\u00bb enable_gradient=\u00bbtrue\u00bb color_overlay=\u00bbrgba(7,69,103,0.33)\u00bb color_overlay_2=\u00bb#ffffff\u00bb advanced_gradient_angle=\u00bb0&#8243; overlay_strength=\u00bb1&#8243; gradient_direction=\u00bbtop_to_bottom\u00bb shape_divider_position=\u00bbbottom\u00bb&#8230;<\/p>\n","protected":false},"author":4,"featured_media":0,"parent":0,"menu_order":0,"comment_status":"closed","ping_status":"closed","template":"","meta":{"footnotes":""},"class_list":["post-7363","page","type-page","status-publish"],"yoast_head":"<!-- This site is optimized with the Yoast SEO plugin v25.5 - https:\/\/yoast.com\/wordpress\/plugins\/seo\/ -->\n<title>Historia - ThirdmillSeminary<\/title>\n<meta name=\"robots\" content=\"index, follow, max-snippet:-1, max-image-preview:large, max-video-preview:-1\" \/>\n<link rel=\"canonical\" href=\"https:\/\/thirdmillseminary.edu\/es\/historia\/\" \/>\n<meta property=\"og:locale\" content=\"es_ES\" \/>\n<meta property=\"og:type\" content=\"article\" \/>\n<meta property=\"og:title\" content=\"Historia - ThirdmillSeminary\" \/>\n<meta property=\"og:description\" content=\"[vc_row type=\u00bbfull_width_background\u00bb full_screen_row_position=\u00bbmiddle\u00bb column_margin=\u00bbdefault\u00bb column_direction=\u00bbdefault\u00bb column_direction_tablet=\u00bbdefault\u00bb column_direction_phone=\u00bbdefault\u00bb animated_gradient_bg=\u00bbtrue\u00bb animated_gradient_bg_color_1=\u00bb#0072ce\u00bb animated_gradient_bg_color_2=\u00bb#ffab19&#8243; animated_gradient_bg_speed=\u00bb850&#8243; animated_gradient_bg_blending_mode=\u00bborganic\u00bb scene_position=\u00bbcenter\u00bb top_padding=\u00bb7%\u00bb left_padding_desktop=\u00bb6%\u00bb constrain_group_2=\u00bbyes\u00bb right_padding_desktop=\u00bb6%\u00bb top_margin=\u00bb0&#8243; text_color=\u00bbdark\u00bb text_align=\u00bbleft\u00bb row_border_radius=\u00bbnone\u00bb row_border_radius_applies=\u00bbbg\u00bb overflow=\u00bbvisible\u00bb enable_gradient=\u00bbtrue\u00bb color_overlay=\u00bbrgba(7,69,103,0.33)\u00bb color_overlay_2=\u00bb#ffffff\u00bb advanced_gradient_angle=\u00bb0&#8243; overlay_strength=\u00bb1&#8243; gradient_direction=\u00bbtop_to_bottom\u00bb shape_divider_position=\u00bbbottom\u00bb...\" \/>\n<meta property=\"og:url\" content=\"https:\/\/thirdmillseminary.edu\/es\/historia\/\" \/>\n<meta property=\"og:site_name\" content=\"ThirdmillSeminary\" \/>\n<meta property=\"article:publisher\" content=\"https:\/\/facebook.com\/thirdmillseminary\/\" \/>\n<meta property=\"article:modified_time\" content=\"2025-07-21T21:25:41+00:00\" \/>\n<meta name=\"twitter:card\" content=\"summary_large_image\" \/>\n<meta name=\"twitter:site\" content=\"@thirdmillsem\" \/>\n<meta name=\"twitter:label1\" content=\"Tiempo de lectura\" \/>\n\t<meta name=\"twitter:data1\" content=\"8 minutos\" \/>\n<script type=\"application\/ld+json\" class=\"yoast-schema-graph\">{\"@context\":\"https:\/\/schema.org\",\"@graph\":[{\"@type\":\"WebPage\",\"@id\":\"https:\/\/thirdmillseminary.edu\/es\/historia\/\",\"url\":\"https:\/\/thirdmillseminary.edu\/es\/historia\/\",\"name\":\"Historia - ThirdmillSeminary\",\"isPartOf\":{\"@id\":\"https:\/\/thirdmillseminary.edu\/es\/#website\"},\"datePublished\":\"2025-01-17T21:14:30+00:00\",\"dateModified\":\"2025-07-21T21:25:41+00:00\",\"breadcrumb\":{\"@id\":\"https:\/\/thirdmillseminary.edu\/es\/historia\/#breadcrumb\"},\"inLanguage\":\"es\",\"potentialAction\":[{\"@type\":\"ReadAction\",\"target\":[\"https:\/\/thirdmillseminary.edu\/es\/historia\/\"]}]},{\"@type\":\"BreadcrumbList\",\"@id\":\"https:\/\/thirdmillseminary.edu\/es\/historia\/#breadcrumb\",\"itemListElement\":[{\"@type\":\"ListItem\",\"position\":1,\"name\":\"Home\",\"item\":\"https:\/\/thirdmillseminary.edu\/es\/inicio\/\"},{\"@type\":\"ListItem\",\"position\":2,\"name\":\"Historia\"}]},{\"@type\":\"WebSite\",\"@id\":\"https:\/\/thirdmillseminary.edu\/es\/#website\",\"url\":\"https:\/\/thirdmillseminary.edu\/es\/\",\"name\":\"Thirdmill Seminary\",\"description\":\"Affordable Seminary | Master of Divinity \",\"publisher\":{\"@id\":\"https:\/\/thirdmillseminary.edu\/es\/#organization\"},\"potentialAction\":[{\"@type\":\"SearchAction\",\"target\":{\"@type\":\"EntryPoint\",\"urlTemplate\":\"https:\/\/thirdmillseminary.edu\/es\/?s={search_term_string}\"},\"query-input\":{\"@type\":\"PropertyValueSpecification\",\"valueRequired\":true,\"valueName\":\"search_term_string\"}}],\"inLanguage\":\"es\"},{\"@type\":\"Organization\",\"@id\":\"https:\/\/thirdmillseminary.edu\/es\/#organization\",\"name\":\"Thirdmill Seminary\",\"url\":\"https:\/\/thirdmillseminary.edu\/es\/\",\"logo\":{\"@type\":\"ImageObject\",\"inLanguage\":\"es\",\"@id\":\"https:\/\/thirdmillseminary.edu\/es\/#\/schema\/logo\/image\/\",\"url\":\"https:\/\/thirdmillseminary.edu\/wp-content\/uploads\/Thirdmill-Logo-1-1.png\",\"contentUrl\":\"https:\/\/thirdmillseminary.edu\/wp-content\/uploads\/Thirdmill-Logo-1-1.png\",\"width\":571,\"height\":80,\"caption\":\"Thirdmill Seminary\"},\"image\":{\"@id\":\"https:\/\/thirdmillseminary.edu\/es\/#\/schema\/logo\/image\/\"},\"sameAs\":[\"https:\/\/facebook.com\/thirdmillseminary\/\",\"https:\/\/x.com\/thirdmillsem\",\"http:\/\/instagram.com\/thirdmillseminary\/\"]}]}<\/script>\n<!-- \/ Yoast SEO plugin. -->","yoast_head_json":{"title":"Historia - ThirdmillSeminary","robots":{"index":"index","follow":"follow","max-snippet":"max-snippet:-1","max-image-preview":"max-image-preview:large","max-video-preview":"max-video-preview:-1"},"canonical":"https:\/\/thirdmillseminary.edu\/es\/historia\/","og_locale":"es_ES","og_type":"article","og_title":"Historia - ThirdmillSeminary","og_description":"[vc_row type=\u00bbfull_width_background\u00bb full_screen_row_position=\u00bbmiddle\u00bb column_margin=\u00bbdefault\u00bb column_direction=\u00bbdefault\u00bb column_direction_tablet=\u00bbdefault\u00bb column_direction_phone=\u00bbdefault\u00bb animated_gradient_bg=\u00bbtrue\u00bb animated_gradient_bg_color_1=\u00bb#0072ce\u00bb animated_gradient_bg_color_2=\u00bb#ffab19&#8243; animated_gradient_bg_speed=\u00bb850&#8243; animated_gradient_bg_blending_mode=\u00bborganic\u00bb scene_position=\u00bbcenter\u00bb top_padding=\u00bb7%\u00bb left_padding_desktop=\u00bb6%\u00bb constrain_group_2=\u00bbyes\u00bb right_padding_desktop=\u00bb6%\u00bb top_margin=\u00bb0&#8243; text_color=\u00bbdark\u00bb text_align=\u00bbleft\u00bb row_border_radius=\u00bbnone\u00bb row_border_radius_applies=\u00bbbg\u00bb overflow=\u00bbvisible\u00bb enable_gradient=\u00bbtrue\u00bb color_overlay=\u00bbrgba(7,69,103,0.33)\u00bb color_overlay_2=\u00bb#ffffff\u00bb advanced_gradient_angle=\u00bb0&#8243; overlay_strength=\u00bb1&#8243; gradient_direction=\u00bbtop_to_bottom\u00bb shape_divider_position=\u00bbbottom\u00bb...","og_url":"https:\/\/thirdmillseminary.edu\/es\/historia\/","og_site_name":"ThirdmillSeminary","article_publisher":"https:\/\/facebook.com\/thirdmillseminary\/","article_modified_time":"2025-07-21T21:25:41+00:00","twitter_card":"summary_large_image","twitter_site":"@thirdmillsem","twitter_misc":{"Tiempo de lectura":"8 minutos"},"schema":{"@context":"https:\/\/schema.org","@graph":[{"@type":"WebPage","@id":"https:\/\/thirdmillseminary.edu\/es\/historia\/","url":"https:\/\/thirdmillseminary.edu\/es\/historia\/","name":"Historia - ThirdmillSeminary","isPartOf":{"@id":"https:\/\/thirdmillseminary.edu\/es\/#website"},"datePublished":"2025-01-17T21:14:30+00:00","dateModified":"2025-07-21T21:25:41+00:00","breadcrumb":{"@id":"https:\/\/thirdmillseminary.edu\/es\/historia\/#breadcrumb"},"inLanguage":"es","potentialAction":[{"@type":"ReadAction","target":["https:\/\/thirdmillseminary.edu\/es\/historia\/"]}]},{"@type":"BreadcrumbList","@id":"https:\/\/thirdmillseminary.edu\/es\/historia\/#breadcrumb","itemListElement":[{"@type":"ListItem","position":1,"name":"Home","item":"https:\/\/thirdmillseminary.edu\/es\/inicio\/"},{"@type":"ListItem","position":2,"name":"Historia"}]},{"@type":"WebSite","@id":"https:\/\/thirdmillseminary.edu\/es\/#website","url":"https:\/\/thirdmillseminary.edu\/es\/","name":"Thirdmill Seminary","description":"Affordable Seminary | Master of Divinity ","publisher":{"@id":"https:\/\/thirdmillseminary.edu\/es\/#organization"},"potentialAction":[{"@type":"SearchAction","target":{"@type":"EntryPoint","urlTemplate":"https:\/\/thirdmillseminary.edu\/es\/?s={search_term_string}"},"query-input":{"@type":"PropertyValueSpecification","valueRequired":true,"valueName":"search_term_string"}}],"inLanguage":"es"},{"@type":"Organization","@id":"https:\/\/thirdmillseminary.edu\/es\/#organization","name":"Thirdmill Seminary","url":"https:\/\/thirdmillseminary.edu\/es\/","logo":{"@type":"ImageObject","inLanguage":"es","@id":"https:\/\/thirdmillseminary.edu\/es\/#\/schema\/logo\/image\/","url":"https:\/\/thirdmillseminary.edu\/wp-content\/uploads\/Thirdmill-Logo-1-1.png","contentUrl":"https:\/\/thirdmillseminary.edu\/wp-content\/uploads\/Thirdmill-Logo-1-1.png","width":571,"height":80,"caption":"Thirdmill Seminary"},"image":{"@id":"https:\/\/thirdmillseminary.edu\/es\/#\/schema\/logo\/image\/"},"sameAs":["https:\/\/facebook.com\/thirdmillseminary\/","https:\/\/x.com\/thirdmillsem","http:\/\/instagram.com\/thirdmillseminary\/"]}]}},"_links":{"self":[{"href":"https:\/\/thirdmillseminary.edu\/es\/wp-json\/wp\/v2\/pages\/7363","targetHints":{"allow":["GET"]}}],"collection":[{"href":"https:\/\/thirdmillseminary.edu\/es\/wp-json\/wp\/v2\/pages"}],"about":[{"href":"https:\/\/thirdmillseminary.edu\/es\/wp-json\/wp\/v2\/types\/page"}],"author":[{"embeddable":true,"href":"https:\/\/thirdmillseminary.edu\/es\/wp-json\/wp\/v2\/users\/4"}],"replies":[{"embeddable":true,"href":"https:\/\/thirdmillseminary.edu\/es\/wp-json\/wp\/v2\/comments?post=7363"}],"version-history":[{"count":23,"href":"https:\/\/thirdmillseminary.edu\/es\/wp-json\/wp\/v2\/pages\/7363\/revisions"}],"predecessor-version":[{"id":7947,"href":"https:\/\/thirdmillseminary.edu\/es\/wp-json\/wp\/v2\/pages\/7363\/revisions\/7947"}],"wp:attachment":[{"href":"https:\/\/thirdmillseminary.edu\/es\/wp-json\/wp\/v2\/media?parent=7363"}],"curies":[{"name":"wp","href":"https:\/\/api.w.org\/{rel}","templated":true}]}}